{"id":64,"date":"2011-02-11T16:24:49","date_gmt":"2011-02-11T15:24:49","guid":{"rendered":"http:\/\/haun-media.de\/tiltdesign2\/2011\/02\/11\/empfehlungen\/"},"modified":"2016-12-26T08:03:28","modified_gmt":"2016-12-26T07:03:28","slug":"empfehlungen","status":"publish","type":"page","link":"https:\/\/haun-media.de\/tiltdesign\/empfehlungen\/","title":{"rendered":"Empfehlungen"},"content":{"rendered":"<p>&nbsp;<\/p>\n<p><a href=\"http:\/\/www.baierfoto.de\/\"><img loading=\"lazy\" decoding=\"async\" class=\"alignnone wp-image-60 size-full\" style=\"border: 1px solid #999999;\" src=\"https:\/\/haun-media.de\/tiltdesign\/wp-content\/uploads\/2011\/02\/baierfotologo.gif\" alt=\"baierfotologo\" width=\"310\" height=\"90\" \/><\/a><\/p>\n<p><strong>Baierfoto<\/strong> | <a style=\"text-decoration: underline;\" href=\"http:\/\/www.baierfoto.de\/\">www.baierfoto.de<\/a><br \/>\nBaierfoto bietet Fotozubeh\u00f6r, vor allem im Bereich &#8222;preisg\u00fcnstiges Mittelformat&#8220;: F\u00fcr Kiev 60, Pentacon Six, Praktisix, Exakta 66, Mamiya C330. Au\u00dferdem: Objektiv-Adapter, Adapter f\u00fcr Prismensucher von Hasselblad und Kiev an Rolleiflex-Modellen (zwei\u00e4ugige und auch SL66, sowie Rolleicord).<\/p>\n<hr style=\"border: none; border-top: 1px dotted black; height: 1px; color: #000000; background: transparent;\" \/>\n<p>&nbsp;<br \/>\n<a href=\"https:\/\/haun-media.de\/tiltdesign\/wp-content\/uploads\/2011\/02\/admin-ajax-1.gif\" data-rel=\"lightbox-gallery-p5vlTxPE\" data-rl_title=\"\" data-rl_caption=\"\" title=\"\"><img loading=\"lazy\" decoding=\"async\" class=\"alignnone wp-image-1555 size-full\" style=\"margin-right: 5px; margin-bottom: 5px; float: left;\" src=\"https:\/\/haun-media.de\/tiltdesign\/wp-content\/uploads\/2011\/02\/admin-ajax-1.gif\" width=\"125\" height=\"40\" \/><\/a>\u00a0Die <a href=\"http:\/\/olypedia.de\/Hauptseite\">Olypedia<\/a> ist eine freie Wissensdatenbank zum mitgestalten, die sich prim\u00e4r mit den Produkten der Firma Olympus und mit Wissenswertem rund um das Thema Fotografie mit Nutzer von Olympus Kameras &#8211; egal ob digital oder analog &#8211; werden hier nach und nach ein umfangreiches Nachschlagewerk f\u00fcr ihr Hobby bzw. ihren Beruf finden. Olympus <a href=\"http:\/\/olypedia.de\/Kategorie:Kameras_digital\">Digitalkameras<\/a> sowie mit <a href=\"http:\/\/olypedia.de\/Kategorie:Kameras_analog\">analogen Olympus Kameras<\/a> besch\u00e4ftigt.<\/p>\n<p>Nutzer von Olympus Kameras &#8211; egal ob digital oder analog &#8211; werden hier nach und nach ein umfangreiches Nachschlagewerk f\u00fcr ihr Hobby bzw. ihren Beruf finden.<\/p>\n<hr style=\"border: none; border-top: 1px dotted black; height: 1px; color: #000000; background: transparent;\" \/>\n<p>Meine besondere Empfehlung\u00a0<img loading=\"lazy\" decoding=\"async\" class=\"alignnone wp-image-63 size-full\" src=\"https:\/\/haun-media.de\/tiltdesign\/wp-content\/uploads\/2011\/02\/museler_logo.jpg\" alt=\"museler logo\" width=\"109\" height=\"25\" \/><\/p>\n<p><strong>Foto Museler<\/strong> in Bochum<\/p>\n<p>Das Team von Foto Museler erf\u00fcllt schon in der zweiten Generation auch Ihre W\u00fcnsche, wenn die Kamera oder der Apparat mal nicht so will&#8230;<\/p>\n<p>Unser weitgef\u00e4chertes Angebot umfasst:<\/p>\n<ul>\n<li>Verkauf von Neu- und Gebrauchtger\u00e4ten aller Fabrikate und deren Zubeh\u00f6r<br \/>\nPassfoto-Service<\/li>\n<li>Foto- und Filmservice<\/li>\n<li>Entwicklung Ihrer digitalen Aufnahmen<\/li>\n<li>die L\u00f6sung Ihres individuellen Problems mit dem Fotoapparat und dem Zubeh\u00f6r<br \/>\nsowie den Videokamera-Service<\/li>\n<\/ul>\n<p>Gesch\u00e4ftszeiten:<br \/>\nMontag &#8211; Freitag<br \/>\n09:00 &#8211; 12:30 Uhr +<br \/>\n15:00 &#8211; 18:00 Uhr<br \/>\nMittwochs<br \/>\n15:00 &#8211; 18:00 Uhr<br \/>\nSch\u00fctzenstr. 5<br \/>\n44795 Bochum<\/p>\n<p>Tel.: 0234 &#8211; 431427<br \/>\nFax. 0234 &#8211; 452008<\/p>\n<p>service@foto-museler.de\u00a0| <a href=\"http:\/\/www.foto-museler.de\">www.foto-museler.de<\/a><\/p>\n","protected":false},"excerpt":{"rendered":"<p>&nbsp; Baierfoto | www.baierfoto.de Baierfoto bietet Fotozubeh\u00f6r, vor allem im Bereich &#8222;preisg\u00fcnstiges Mittelformat&#8220;: F\u00fcr Kiev 60, Pentacon Six, Praktisix, Exakta 66, Mamiya C330. Au\u00dferdem: Objektiv-Adapter, Adapter f\u00fcr Prismensucher von Hasselblad und Kiev an Rolleiflex-Modellen (zwei\u00e4ugige und auch SL66, sowie Rolleicord). &nbsp; \u00a0Die Olypedia ist eine freie Wissensdatenbank zum mitgestalten, die sich prim\u00e4r mit den Produkten&#8230;<\/p>\n<p class=\"more-link\"><a href=\"https:\/\/haun-media.de\/tiltdesign\/empfehlungen\/\" class=\"themebutton3\">Read More<\/a><\/p>\n","protected":false},"author":2,"featured_media":0,"parent":0,"menu_order":1,"comment_status":"closed","ping_status":"open","template":"","meta":{"footnotes":""},"class_list":["post-64","page","type-page","status-publish","hentry"],"_links":{"self":[{"href":"https:\/\/haun-media.de\/tiltdesign\/wp-json\/wp\/v2\/pages\/64","targetHints":{"allow":["GET"]}}],"collection":[{"href":"https:\/\/haun-media.de\/tiltdesign\/wp-json\/wp\/v2\/pages"}],"about":[{"href":"https:\/\/haun-media.de\/tiltdesign\/wp-json\/wp\/v2\/types\/page"}],"author":[{"embeddable":true,"href":"https:\/\/haun-media.de\/tiltdesign\/wp-json\/wp\/v2\/users\/2"}],"replies":[{"embeddable":true,"href":"https:\/\/haun-media.de\/tiltdesign\/wp-json\/wp\/v2\/comments?post=64"}],"version-history":[{"count":2,"href":"https:\/\/haun-media.de\/tiltdesign\/wp-json\/wp\/v2\/pages\/64\/revisions"}],"predecessor-version":[{"id":1556,"href":"https:\/\/haun-media.de\/tiltdesign\/wp-json\/wp\/v2\/pages\/64\/revisions\/1556"}],"wp:attachment":[{"href":"https:\/\/haun-media.de\/tiltdesign\/wp-json\/wp\/v2\/media?parent=64"}],"curies":[{"name":"wp","href":"https:\/\/api.w.org\/{rel}","templated":true}]}}