{"id":50,"date":"2011-01-05T12:06:37","date_gmt":"2011-01-05T11:06:37","guid":{"rendered":"http:\/\/haun-media.de\/tiltdesign2\/2011\/01\/05\/agfa-isola-ii\/"},"modified":"2016-12-07T01:51:06","modified_gmt":"2016-12-07T00:51:06","slug":"agfa-isola-ii","status":"publish","type":"page","link":"https:\/\/haun-media.de\/tiltdesign\/agfa-isola-ii\/","title":{"rendered":"Agfa Isola II"},"content":{"rendered":"<p><strong>Agfa Isola II | <\/strong>Bj. ca. 1956 | <strong><span style=\"color: #000000;\">verkauft<\/span><\/strong><br \/>\n&#8211; Filmtyp 120er Rollfilm, Negativformat 6&#215;6 cm<br \/>\n&#8211; Agfa Agnar 6,3\/75 (3 Elemente in 3 Gruppen)<br \/>\n&#8211; Blendenbereich<br \/>\n&#8211; Verschluss 1\/30, 1\/100 sek. und &#8222;B&#8220;. Verschlu\u00df: Agfa Singlo-2<br \/>\n&#8211; Entfernungseinst. 1,0 m bis Unendlich<\/p>\n<p>Vermutlich wurden damals, wegen der bescheidenden Qualit\u00e4t, fast ausschlie\u00dflich Kontakt-Bilder von Isola-Aufnahmen gemacht.<\/p>\n<p><a href=\"https:\/\/haun-media.de\/tiltdesign\/wp-content\/uploads\/2011\/01\/DSC_0046_isola-1.jpg\" data-rel=\"lightbox-gallery-mvbavYPU\" data-rl_title=\"\" data-rl_caption=\"\" title=\"\"><img loading=\"lazy\" decoding=\"async\" class=\"alignnone size-thumbnail wp-image-1517\" src=\"https:\/\/haun-media.de\/tiltdesign\/wp-content\/uploads\/2011\/01\/DSC_0046_isola-1-150x150.jpg\" alt=\"\" width=\"150\" height=\"150\" srcset=\"https:\/\/haun-media.de\/tiltdesign\/wp-content\/uploads\/2011\/01\/DSC_0046_isola-1-150x150.jpg 150w, https:\/\/haun-media.de\/tiltdesign\/wp-content\/uploads\/2011\/01\/DSC_0046_isola-1.jpg 300w\" sizes=\"auto, (max-width: 150px) 100vw, 150px\" \/><\/a> <a href=\"https:\/\/haun-media.de\/tiltdesign\/wp-content\/uploads\/2011\/01\/DSC_0047_isola-1.jpg\" data-rel=\"lightbox-gallery-mvbavYPU\" data-rl_title=\"\" data-rl_caption=\"\" title=\"\"><img loading=\"lazy\" decoding=\"async\" class=\"alignnone size-thumbnail wp-image-1518\" src=\"https:\/\/haun-media.de\/tiltdesign\/wp-content\/uploads\/2011\/01\/DSC_0047_isola-1-150x150.jpg\" alt=\"\" width=\"150\" height=\"150\" srcset=\"https:\/\/haun-media.de\/tiltdesign\/wp-content\/uploads\/2011\/01\/DSC_0047_isola-1-150x150.jpg 150w, https:\/\/haun-media.de\/tiltdesign\/wp-content\/uploads\/2011\/01\/DSC_0047_isola-1.jpg 300w\" sizes=\"auto, (max-width: 150px) 100vw, 150px\" \/><\/a><\/p>\n<p>Testbilder mit dieser Kamera auf Ilford HP5 Plus | 19.12.2010<\/p>\n<p><a href=\"https:\/\/haun-media.de\/tiltdesign\/wp-content\/uploads\/2011\/01\/IMG_0011_2-1.jpg\" data-rel=\"lightbox-gallery-mvbavYPU\" data-rl_title=\"\" data-rl_caption=\"\" title=\"\"><img loading=\"lazy\" decoding=\"async\" class=\"alignnone size-thumbnail wp-image-1516\" src=\"https:\/\/haun-media.de\/tiltdesign\/wp-content\/uploads\/2011\/01\/IMG_0011_2-1-150x150.jpg\" alt=\"\" width=\"150\" height=\"150\" srcset=\"https:\/\/haun-media.de\/tiltdesign\/wp-content\/uploads\/2011\/01\/IMG_0011_2-1-150x150.jpg 150w, https:\/\/haun-media.de\/tiltdesign\/wp-content\/uploads\/2011\/01\/IMG_0011_2-1.jpg 300w\" sizes=\"auto, (max-width: 150px) 100vw, 150px\" \/><\/a> <a href=\"https:\/\/haun-media.de\/tiltdesign\/wp-content\/uploads\/2011\/01\/IMG_0011-1.jpg\" data-rel=\"lightbox-gallery-mvbavYPU\" data-rl_title=\"\" data-rl_caption=\"\" title=\"\"><img loading=\"lazy\" decoding=\"async\" class=\"alignnone size-thumbnail wp-image-1515\" src=\"https:\/\/haun-media.de\/tiltdesign\/wp-content\/uploads\/2011\/01\/IMG_0011-1-150x150.jpg\" alt=\"\" width=\"150\" height=\"150\" srcset=\"https:\/\/haun-media.de\/tiltdesign\/wp-content\/uploads\/2011\/01\/IMG_0011-1-150x150.jpg 150w, https:\/\/haun-media.de\/tiltdesign\/wp-content\/uploads\/2011\/01\/IMG_0011-1.jpg 300w\" sizes=\"auto, (max-width: 150px) 100vw, 150px\" \/><\/a> <a href=\"https:\/\/haun-media.de\/tiltdesign\/wp-content\/uploads\/2011\/01\/IMG_0010-1.jpg\" data-rel=\"lightbox-gallery-mvbavYPU\" data-rl_title=\"\" data-rl_caption=\"\" title=\"\"><img loading=\"lazy\" decoding=\"async\" class=\"alignnone size-thumbnail wp-image-1514\" src=\"https:\/\/haun-media.de\/tiltdesign\/wp-content\/uploads\/2011\/01\/IMG_0010-1-150x150.jpg\" alt=\"\" width=\"150\" height=\"150\" srcset=\"https:\/\/haun-media.de\/tiltdesign\/wp-content\/uploads\/2011\/01\/IMG_0010-1-150x150.jpg 150w, https:\/\/haun-media.de\/tiltdesign\/wp-content\/uploads\/2011\/01\/IMG_0010-1.jpg 300w\" sizes=\"auto, (max-width: 150px) 100vw, 150px\" \/><\/a> <a href=\"https:\/\/haun-media.de\/tiltdesign\/wp-content\/uploads\/2011\/01\/IMG_0006-1.jpg\" data-rel=\"lightbox-gallery-mvbavYPU\" data-rl_title=\"\" data-rl_caption=\"\" title=\"\"><img loading=\"lazy\" decoding=\"async\" class=\"alignnone size-thumbnail wp-image-1513\" src=\"https:\/\/haun-media.de\/tiltdesign\/wp-content\/uploads\/2011\/01\/IMG_0006-1-150x150.jpg\" alt=\"\" width=\"150\" height=\"150\" srcset=\"https:\/\/haun-media.de\/tiltdesign\/wp-content\/uploads\/2011\/01\/IMG_0006-1-150x150.jpg 150w, https:\/\/haun-media.de\/tiltdesign\/wp-content\/uploads\/2011\/01\/IMG_0006-1.jpg 300w\" sizes=\"auto, (max-width: 150px) 100vw, 150px\" \/><\/a> <a href=\"https:\/\/haun-media.de\/tiltdesign\/wp-content\/uploads\/2011\/01\/IMG_0005-1.jpg\" data-rel=\"lightbox-gallery-mvbavYPU\" data-rl_title=\"\" data-rl_caption=\"\" title=\"\"><img loading=\"lazy\" decoding=\"async\" class=\"alignnone size-thumbnail wp-image-1512\" src=\"https:\/\/haun-media.de\/tiltdesign\/wp-content\/uploads\/2011\/01\/IMG_0005-1-150x150.jpg\" alt=\"\" width=\"150\" height=\"150\" srcset=\"https:\/\/haun-media.de\/tiltdesign\/wp-content\/uploads\/2011\/01\/IMG_0005-1-150x150.jpg 150w, https:\/\/haun-media.de\/tiltdesign\/wp-content\/uploads\/2011\/01\/IMG_0005-1.jpg 300w\" sizes=\"auto, (max-width: 150px) 100vw, 150px\" \/><\/a> <a href=\"https:\/\/haun-media.de\/tiltdesign\/wp-content\/uploads\/2011\/01\/IMG_0004_2.jpg\" data-rel=\"lightbox-gallery-mvbavYPU\" data-rl_title=\"\" data-rl_caption=\"\" title=\"\"><img loading=\"lazy\" decoding=\"async\" class=\"alignnone size-thumbnail wp-image-1511\" src=\"https:\/\/haun-media.de\/tiltdesign\/wp-content\/uploads\/2011\/01\/IMG_0004_2-150x150.jpg\" alt=\"\" width=\"150\" height=\"150\" \/><\/a> <a href=\"https:\/\/haun-media.de\/tiltdesign\/wp-content\/uploads\/2011\/01\/IMG_0004-1.jpg\" data-rel=\"lightbox-gallery-mvbavYPU\" data-rl_title=\"\" data-rl_caption=\"\" title=\"\"><img loading=\"lazy\" decoding=\"async\" class=\"alignnone size-thumbnail wp-image-1510\" src=\"https:\/\/haun-media.de\/tiltdesign\/wp-content\/uploads\/2011\/01\/IMG_0004-1-150x150.jpg\" alt=\"\" width=\"150\" height=\"150\" srcset=\"https:\/\/haun-media.de\/tiltdesign\/wp-content\/uploads\/2011\/01\/IMG_0004-1-150x150.jpg 150w, https:\/\/haun-media.de\/tiltdesign\/wp-content\/uploads\/2011\/01\/IMG_0004-1.jpg 300w\" sizes=\"auto, (max-width: 150px) 100vw, 150px\" \/><\/a><\/p>\n","protected":false},"excerpt":{"rendered":"<p>Agfa Isola II | Bj. ca. 1956 | verkauft &#8211; Filmtyp 120er Rollfilm, Negativformat 6&#215;6 cm &#8211; Agfa Agnar 6,3\/75 (3 Elemente in 3 Gruppen) &#8211; Blendenbereich &#8211; Verschluss 1\/30, 1\/100 sek. und &#8222;B&#8220;. Verschlu\u00df: Agfa Singlo-2 &#8211; Entfernungseinst. 1,0 m bis Unendlich Vermutlich wurden damals, wegen der bescheidenden Qualit\u00e4t, fast ausschlie\u00dflich Kontakt-Bilder von Isola-Aufnahmen&#8230;<\/p>\n<p class=\"more-link\"><a href=\"https:\/\/haun-media.de\/tiltdesign\/agfa-isola-ii\/\" class=\"themebutton3\">Read More<\/a><\/p>\n","protected":false},"author":2,"featured_media":0,"parent":0,"menu_order":33,"comment_status":"closed","ping_status":"open","template":"","meta":{"footnotes":""},"class_list":["post-50","page","type-page","status-publish","hentry"],"_links":{"self":[{"href":"https:\/\/haun-media.de\/tiltdesign\/wp-json\/wp\/v2\/pages\/50","targetHints":{"allow":["GET"]}}],"collection":[{"href":"https:\/\/haun-media.de\/tiltdesign\/wp-json\/wp\/v2\/pages"}],"about":[{"href":"https:\/\/haun-media.de\/tiltdesign\/wp-json\/wp\/v2\/types\/page"}],"author":[{"embeddable":true,"href":"https:\/\/haun-media.de\/tiltdesign\/wp-json\/wp\/v2\/users\/2"}],"replies":[{"embeddable":true,"href":"https:\/\/haun-media.de\/tiltdesign\/wp-json\/wp\/v2\/comments?post=50"}],"version-history":[{"count":6,"href":"https:\/\/haun-media.de\/tiltdesign\/wp-json\/wp\/v2\/pages\/50\/revisions"}],"predecessor-version":[{"id":1520,"href":"https:\/\/haun-media.de\/tiltdesign\/wp-json\/wp\/v2\/pages\/50\/revisions\/1520"}],"wp:attachment":[{"href":"https:\/\/haun-media.de\/tiltdesign\/wp-json\/wp\/v2\/media?parent=50"}],"curies":[{"name":"wp","href":"https:\/\/api.w.org\/{rel}","templated":true}]}}