{"id":243,"date":"2014-05-15T22:10:42","date_gmt":"2014-05-15T20:10:42","guid":{"rendered":"http:\/\/haun-media.de\/tiltdesign2\/2014\/05\/15\/yashica-electro-35-gt\/"},"modified":"2018-10-12T20:42:35","modified_gmt":"2018-10-12T18:42:35","slug":"yashica-electro-35-gt","status":"publish","type":"page","link":"https:\/\/haun-media.de\/tiltdesign\/yashica-electro-35-gt\/","title":{"rendered":"Yashica Electro 35 GT"},"content":{"rendered":"<p><strong>Yashica Electro 35 GT<\/strong> | Bj. ca. 1973<br \/>\n&#8211; Filmtyp Kleinbildfilm, Format 24&#215;36 mm<br \/>\n&#8211; Objektiv 45mm, f\/1.7, Color-Yashinon Objektiv (6 Elemente in 4 Gruppen)<br \/>\n&#8211; Blendenbereich f\/1.7 &#8211; f\/16<br \/>\n&#8211; Entfernungseinst. 0,8 m &#8211; 6,0 m + Unendlich<br \/>\n&#8211; Belichtungsmesser: CdS-Zelle (Zeitautomatik mit Blendenvorwahl), KEIN manueller Modus<br \/>\n&#8211; Elektronisch gesteuerter Copal Elec Zentralverschluss; mehrere Minuten bis 1\/500 + B. Selbstausl\u00f6ser.<br \/>\n&#8211; Leuchtrahmensucher (Parallaxenausgleich) Rautenf\u00f6rmiges Mischbild<br \/>\n&#8211; Mischbild-Entfernungsmesser<br \/>\n&#8211; Anzeige im Sucher\u00a0 f\u00fcr \u00dcber- und Unterbelichtung mittels Pfeilen<br \/>\n&#8211; Empfindlichkeit: 25 bis 1000 ASA<br \/>\n&#8211; Blitz Cold shoe PC Buchse. Blitzsynchronisation bei allen Verschlusszeiten<br \/>\n&#8211; Batterie: moderne L\u00f6sung: 4x LR44 Zellen \u00fcbereinander (= 6V), Leerraum mit leit. Material ausstopfen (z.B.Alufolie)<br \/>\n<span style=\"font-family: 'arial', 'helvetica', sans-serif;\"><span style=\"font-family: 'arial', 'helvetica', sans-serif;\">&#8211; Batterie:PX 28 Alkalin<\/span><\/span><span style=\"font-family: 'arial', 'helvetica', sans-serif; font-size: 10pt;\">e (6V)<\/span> \u00a0mit einem Aluminiumknubbel auff\u00fcllen oder einen passenden Adapter\u00a0<span style=\"font-size: 13px; color: #000000; background-color: transparent; font-family: 'arial', 'helvetica', sans-serif;\"><br \/>\n<\/span>&#8211; Ma\u00dfe ca<br \/>\n.<br \/>\n<img loading=\"lazy\" decoding=\"async\" class=\"alignnone wp-image-242 size-full\" style=\"border: 1px solid #000000;\" src=\"https:\/\/haun-media.de\/tiltdesign\/wp-content\/uploads\/2014\/05\/DSC_0177.jpg\" alt=\"DSC 0177\" width=\"600\" height=\"402\" srcset=\"https:\/\/haun-media.de\/tiltdesign\/wp-content\/uploads\/2014\/05\/DSC_0177.jpg 600w, https:\/\/haun-media.de\/tiltdesign\/wp-content\/uploads\/2014\/05\/DSC_0177-300x201.jpg 300w\" sizes=\"auto, (max-width: 600px) 100vw, 600px\" \/><\/p>\n<p><img loading=\"lazy\" decoding=\"async\" class=\"alignnone size-full wp-image-1482\" src=\"https:\/\/haun-media.de\/tiltdesign\/wp-content\/uploads\/2014\/05\/yashica-GT.jpg\" alt=\"yashica-gt\" width=\"600\" height=\"400\" srcset=\"https:\/\/haun-media.de\/tiltdesign\/wp-content\/uploads\/2014\/05\/yashica-GT.jpg 600w, https:\/\/haun-media.de\/tiltdesign\/wp-content\/uploads\/2014\/05\/yashica-GT-300x200.jpg 300w, https:\/\/haun-media.de\/tiltdesign\/wp-content\/uploads\/2014\/05\/yashica-GT-570x380.jpg 570w\" sizes=\"auto, (max-width: 600px) 100vw, 600px\" \/><\/p>\n<p>Lichtdichtungen kaputt und aufge\u00f6st<\/p>\n<p>Da der Kameradoktor z. Z. aus privaten Gr\u00fcnden keine Lichtdichtungen mehr schneidet<br \/>\n(man kann den Kameradoktor trotzdem anschreiben und auf Ebay bietet er auch<br \/>\nLichtdichtungen an), habe ich mir mit einer Platte Moosgummi aus dem<br \/>\nBastelladen selber geholfen.<\/p>\n<p>&#8211; Moosgummi ohne Kleber\u00fcckseite 20 x 30 x 2mm \/ 8,0 EUR<br \/>\n&#8211; Grafikermesser und gutes Lineal mit Schneidekante<br \/>\n&#8211; UHU Spezial.<\/p>\n<p>Die Moosgummistreifen einfach nur in die zuvor mit Isopropylalkohol ges\u00e4uberten<br \/>\nNuten reindr\u00fccken. Das h\u00e4lt ewig! Nur am Anfang muss die R\u00fcckwand mit ein wenig<br \/>\nDruck mehr geschlossen werden. Nach einiger Zeit ist das Moosgummi in der richtigen Form.<\/p>\n<p>Bei vielen Kameras muss dann noch ein breiterer Streifen an die<br \/>\nScharnierseite geklebt werden. Da gibt es einen Kleber von Uhu, der auch mit<br \/>\nextremeren Temperaturen zurecht kommt<\/p>\n<p><img loading=\"lazy\" decoding=\"async\" class=\"alignnone wp-image-1483 size-full\" src=\"https:\/\/haun-media.de\/tiltdesign\/wp-content\/uploads\/2014\/05\/yashica-GT_kratzer.jpg\" width=\"600\" height=\"400\" srcset=\"https:\/\/haun-media.de\/tiltdesign\/wp-content\/uploads\/2014\/05\/yashica-GT_kratzer.jpg 600w, https:\/\/haun-media.de\/tiltdesign\/wp-content\/uploads\/2014\/05\/yashica-GT_kratzer-300x200.jpg 300w, https:\/\/haun-media.de\/tiltdesign\/wp-content\/uploads\/2014\/05\/yashica-GT_kratzer-570x380.jpg 570w\" sizes=\"auto, (max-width: 600px) 100vw, 600px\" \/><br \/>\nNach Entfernung und Erneuerung der Lichtdichtungen gab es noch unsch\u00f6ne Streifen<br \/>\nund Kratzer auf dem Film. Ausl\u00f6ser war die Filmandruckplatte am R\u00fcckteil der Kamera.<br \/>\nSie war (nicht sichtbar und tastbar) verunreinigt. Eine gr\u00fcndliche Reinigung mit Waschbenzin<br \/>\nund Isopropylalkohol\u00a0verschaffte Abhilfe \ud83d\ude42<\/p>\n<p><a class=\"ewd-ulb-lightbox\" href=\"https:\/\/haun-media.de\/tiltdesign\/wp-content\/uploads\/2014\/05\/DSC_0187.jpg\" data-ulbsource=\"https:\/\/haun-media.de\/tiltdesign\/wp-content\/uploads\/2014\/05\/DSC_0187.jpg\" data-rel=\"lightbox-gallery-oevkPiDA\" data-rl_title=\"\" data-rl_caption=\"\" title=\"\"><img loading=\"lazy\" decoding=\"async\" class=\"alignnone size-thumbnail wp-image-1490\" src=\"https:\/\/haun-media.de\/tiltdesign\/wp-content\/uploads\/2014\/05\/DSC_0187-150x150.jpg\" alt=\"dsc_0187\" width=\"150\" height=\"150\" \/><\/a> <a href=\"https:\/\/haun-media.de\/tiltdesign\/wp-content\/uploads\/2014\/05\/DSC_0186.jpg\" data-rel=\"lightbox-gallery-oevkPiDA\" data-rl_title=\"\" data-rl_caption=\"\" title=\"\"><img loading=\"lazy\" decoding=\"async\" class=\"alignnone size-thumbnail wp-image-1489\" src=\"https:\/\/haun-media.de\/tiltdesign\/wp-content\/uploads\/2014\/05\/DSC_0186-150x150.jpg\" alt=\"dsc_0186\" width=\"150\" height=\"150\" \/><\/a> <a href=\"https:\/\/haun-media.de\/tiltdesign\/wp-content\/uploads\/2014\/05\/DSC_0182.jpg\" data-rel=\"lightbox-gallery-oevkPiDA\" data-rl_title=\"\" data-rl_caption=\"\" title=\"\"><img loading=\"lazy\" decoding=\"async\" class=\"alignnone size-thumbnail wp-image-1488\" src=\"https:\/\/haun-media.de\/tiltdesign\/wp-content\/uploads\/2014\/05\/DSC_0182-150x150.jpg\" alt=\"dsc_0182\" width=\"150\" height=\"150\" \/><\/a> <a href=\"https:\/\/haun-media.de\/tiltdesign\/wp-content\/uploads\/2014\/05\/DSC_0181.jpg\" data-rel=\"lightbox-gallery-oevkPiDA\" data-rl_title=\"\" data-rl_caption=\"\" title=\"\"><img loading=\"lazy\" decoding=\"async\" class=\"alignnone size-thumbnail wp-image-1487\" src=\"https:\/\/haun-media.de\/tiltdesign\/wp-content\/uploads\/2014\/05\/DSC_0181-150x150.jpg\" alt=\"dsc_0181\" width=\"150\" height=\"150\" \/><\/a> <a href=\"https:\/\/haun-media.de\/tiltdesign\/wp-content\/uploads\/2014\/05\/DSC_0180.jpg\" data-rel=\"lightbox-gallery-oevkPiDA\" data-rl_title=\"\" data-rl_caption=\"\" title=\"\"><img loading=\"lazy\" decoding=\"async\" class=\"alignnone size-thumbnail wp-image-1486\" src=\"https:\/\/haun-media.de\/tiltdesign\/wp-content\/uploads\/2014\/05\/DSC_0180-150x150.jpg\" alt=\"dsc_0180\" width=\"150\" height=\"150\" \/><\/a> <a href=\"https:\/\/haun-media.de\/tiltdesign\/wp-content\/uploads\/2014\/05\/DSC_0179.jpg\" data-rel=\"lightbox-gallery-oevkPiDA\" data-rl_title=\"\" data-rl_caption=\"\" title=\"\"><img loading=\"lazy\" decoding=\"async\" class=\"alignnone size-thumbnail wp-image-1485\" src=\"https:\/\/haun-media.de\/tiltdesign\/wp-content\/uploads\/2014\/05\/DSC_0179-150x150.jpg\" alt=\"dsc_0179\" width=\"150\" height=\"150\" \/><\/a> <a class=\"ewd-ulb-lightbox\" href=\"https:\/\/haun-media.de\/tiltdesign\/wp-content\/uploads\/2014\/05\/DSC_0177-1.jpg\" data-ulbsource=\"https:\/\/haun-media.de\/tiltdesign\/wp-content\/uploads\/2014\/05\/DSC_0177-1.jpg\" data-rel=\"lightbox-gallery-oevkPiDA\" data-rl_title=\"\" data-rl_caption=\"\" title=\"\"><img loading=\"lazy\" decoding=\"async\" class=\"alignnone size-thumbnail wp-image-1484\" src=\"https:\/\/haun-media.de\/tiltdesign\/wp-content\/uploads\/2014\/05\/DSC_0177-1-150x150.jpg\" alt=\"dsc_0177\" width=\"150\" height=\"150\" \/><\/a><\/p>\n<p><span style=\"text-decoration: underline;\"><a href=\"https:\/\/www.flickr.com\/photos\/tiltdesign\/albums\/72157677356212255\">Fotos mit dieser Kamera auf Flickr<\/a><\/span><\/p>\n<p><span style=\"text-decoration: underline;\"><a href=\"http:\/\/www.ipernity.com\/doc\/291337\/album\/360171\"><ins>Fotos mit dieser Kamera auf\u00a0Ipernity<\/ins><\/a><\/span><\/p>\n","protected":false},"excerpt":{"rendered":"<p>Yashica Electro 35 GT | Bj. ca. 1973 &#8211; Filmtyp Kleinbildfilm, Format 24&#215;36 mm &#8211; Objektiv 45mm, f\/1.7, Color-Yashinon Objektiv (6 Elemente in 4 Gruppen) &#8211; Blendenbereich f\/1.7 &#8211; f\/16 &#8211; Entfernungseinst. 0,8 m &#8211; 6,0 m + Unendlich &#8211; Belichtungsmesser: CdS-Zelle (Zeitautomatik mit Blendenvorwahl), KEIN manueller Modus &#8211; Elektronisch gesteuerter Copal Elec Zentralverschluss; mehrere&#8230;<\/p>\n<p class=\"more-link\"><a href=\"https:\/\/haun-media.de\/tiltdesign\/yashica-electro-35-gt\/\" class=\"themebutton3\">Read More<\/a><\/p>\n","protected":false},"author":2,"featured_media":242,"parent":0,"menu_order":7,"comment_status":"closed","ping_status":"open","template":"","meta":{"footnotes":""},"class_list":["post-243","page","type-page","status-publish","has-post-thumbnail","hentry"],"_links":{"self":[{"href":"https:\/\/haun-media.de\/tiltdesign\/wp-json\/wp\/v2\/pages\/243","targetHints":{"allow":["GET"]}}],"collection":[{"href":"https:\/\/haun-media.de\/tiltdesign\/wp-json\/wp\/v2\/pages"}],"about":[{"href":"https:\/\/haun-media.de\/tiltdesign\/wp-json\/wp\/v2\/types\/page"}],"author":[{"embeddable":true,"href":"https:\/\/haun-media.de\/tiltdesign\/wp-json\/wp\/v2\/users\/2"}],"replies":[{"embeddable":true,"href":"https:\/\/haun-media.de\/tiltdesign\/wp-json\/wp\/v2\/comments?post=243"}],"version-history":[{"count":3,"href":"https:\/\/haun-media.de\/tiltdesign\/wp-json\/wp\/v2\/pages\/243\/revisions"}],"predecessor-version":[{"id":3314,"href":"https:\/\/haun-media.de\/tiltdesign\/wp-json\/wp\/v2\/pages\/243\/revisions\/3314"}],"wp:featuredmedia":[{"embeddable":true,"href":"https:\/\/haun-media.de\/tiltdesign\/wp-json\/wp\/v2\/media\/242"}],"wp:attachment":[{"href":"https:\/\/haun-media.de\/tiltdesign\/wp-json\/wp\/v2\/media?parent=243"}],"curies":[{"name":"wp","href":"https:\/\/api.w.org\/{rel}","templated":true}]}}