{"id":2406,"date":"2018-02-28T22:45:37","date_gmt":"2018-02-28T21:45:37","guid":{"rendered":"http:\/\/haun-media.de\/tiltdesign\/?page_id=2406"},"modified":"2018-03-20T21:59:05","modified_gmt":"2018-03-20T20:59:05","slug":"leica-m2","status":"publish","type":"page","link":"https:\/\/haun-media.de\/tiltdesign\/leica-m2\/","title":{"rendered":"Leica M2"},"content":{"rendered":"<p><strong>Leica M2<\/strong> | Bj. 1958<br \/>\n&#8211; Filmtyp Kleinbildfilm, Format 24&#215;36 mm<br \/>\n&#8211; Objektiv Elmar 2.8\/50<br \/>\n&#8211; Blendenbereich 2.8 \u2013 16- Verschluss 1\/30 &#8211; 1\/1000 + B<br \/>\n&#8211; Entfernungseinst. 1,0 m bis Unendlich<br \/>\nDie Kamera wurde von \u00a0<a href=\"http:\/\/www.foto-museler.de\">Foto Museler<\/a> komplett \u00fcberholt<\/p>\n<p><a href=\"https:\/\/haun-media.de\/tiltdesign\/wp-content\/uploads\/2018\/02\/DSC_0090.jpg\" data-rel=\"lightbox-gallery-TxyRD4B2\" data-rl_title=\"\" data-rl_caption=\"\" title=\"\"><img loading=\"lazy\" decoding=\"async\" class=\"alignnone wp-image-2410\" src=\"https:\/\/haun-media.de\/tiltdesign\/wp-content\/uploads\/2018\/02\/DSC_0090.jpg\" alt=\"\" width=\"800\" height=\"535\" srcset=\"https:\/\/haun-media.de\/tiltdesign\/wp-content\/uploads\/2018\/02\/DSC_0090.jpg 1200w, https:\/\/haun-media.de\/tiltdesign\/wp-content\/uploads\/2018\/02\/DSC_0090-300x201.jpg 300w, https:\/\/haun-media.de\/tiltdesign\/wp-content\/uploads\/2018\/02\/DSC_0090-768x514.jpg 768w, https:\/\/haun-media.de\/tiltdesign\/wp-content\/uploads\/2018\/02\/DSC_0090-1024x685.jpg 1024w, https:\/\/haun-media.de\/tiltdesign\/wp-content\/uploads\/2018\/02\/DSC_0090-570x380.jpg 570w\" sizes=\"auto, (max-width: 800px) 100vw, 800px\" \/><\/a><\/p>\n<p><a href=\"https:\/\/haun-media.de\/tiltdesign\/wp-content\/uploads\/2018\/02\/DSC_0091.jpg\" data-rel=\"lightbox-gallery-TxyRD4B2\" data-rl_title=\"\" data-rl_caption=\"\" title=\"\"><img loading=\"lazy\" decoding=\"async\" class=\"alignnone wp-image-2411\" src=\"https:\/\/haun-media.de\/tiltdesign\/wp-content\/uploads\/2018\/02\/DSC_0091.jpg\" alt=\"\" width=\"800\" height=\"535\" srcset=\"https:\/\/haun-media.de\/tiltdesign\/wp-content\/uploads\/2018\/02\/DSC_0091.jpg 1200w, https:\/\/haun-media.de\/tiltdesign\/wp-content\/uploads\/2018\/02\/DSC_0091-300x201.jpg 300w, https:\/\/haun-media.de\/tiltdesign\/wp-content\/uploads\/2018\/02\/DSC_0091-768x514.jpg 768w, https:\/\/haun-media.de\/tiltdesign\/wp-content\/uploads\/2018\/02\/DSC_0091-1024x685.jpg 1024w, https:\/\/haun-media.de\/tiltdesign\/wp-content\/uploads\/2018\/02\/DSC_0091-570x380.jpg 570w\" sizes=\"auto, (max-width: 800px) 100vw, 800px\" \/><\/a><\/p>\n<p><a href=\"https:\/\/haun-media.de\/tiltdesign\/wp-content\/uploads\/2018\/02\/DSC_0092.jpg\" data-rel=\"lightbox-gallery-TxyRD4B2\" data-rl_title=\"\" data-rl_caption=\"\" title=\"\"><img loading=\"lazy\" decoding=\"async\" class=\"alignnone wp-image-2412\" src=\"https:\/\/haun-media.de\/tiltdesign\/wp-content\/uploads\/2018\/02\/DSC_0092.jpg\" alt=\"\" width=\"800\" height=\"535\" srcset=\"https:\/\/haun-media.de\/tiltdesign\/wp-content\/uploads\/2018\/02\/DSC_0092.jpg 1200w, https:\/\/haun-media.de\/tiltdesign\/wp-content\/uploads\/2018\/02\/DSC_0092-300x201.jpg 300w, https:\/\/haun-media.de\/tiltdesign\/wp-content\/uploads\/2018\/02\/DSC_0092-768x514.jpg 768w, https:\/\/haun-media.de\/tiltdesign\/wp-content\/uploads\/2018\/02\/DSC_0092-1024x685.jpg 1024w, https:\/\/haun-media.de\/tiltdesign\/wp-content\/uploads\/2018\/02\/DSC_0092-570x380.jpg 570w\" sizes=\"auto, (max-width: 800px) 100vw, 800px\" \/><\/a><\/p>\n<p><strong>Leica M2 (1958 bis 1967)<\/strong><br \/>\nAls preiswertes Einsteigermodell zur M3 wurde 1958 die Leica M2 vorgestellt. Sie unterscheidet sich \u00e4u\u00dferlich jedoch nur in Einzelheiten von der M3, wie etwa in einem manuellen Z\u00e4hlwerk oder einer leicht ge\u00e4nderten Deckkappe. Technisch unterscheidet sie sich haupts\u00e4chlich durch eine v\u00f6llig neue Messsucherkonstruktion und die geringere Suchervergr\u00f6\u00dferung von 0,72 gegen\u00fcber 0,91 bei der M3. Dadurch wurde es m\u00f6glich, einen Leuchtrahmen f\u00fcr 35-mm-Objektive einzuspiegeln, die an der M3 nur mit unhandlichen Suchervors\u00e4tzen zu verwenden sind. Daf\u00fcr wurde der Rahmen f\u00fcr 135-mm-Objektive entfernt, der jedoch ohnehin nur selten benutzt wurde. Auch die M2 wurde \u00fcberwiegend in verchromter Ausf\u00fchrung bestellt, w\u00e4hrend insgesamt nur etwa 1900 schwarz lackierte Exemplare bekannt sind. Insgesamt wurden etwas \u00fcber 85.000 Kameras hergestellt.<br \/>\n(<a href=\"https:\/\/de.wikipedia.org\/wiki\/Leica_M#M2\">Quelle Wikipedia<\/a>)<\/p>\n<p>Mit dieser Kamera fotografiert:\u00a0<a href=\"http:\/\/www.flickriver.com\/photos\/tiltdesign\/tags\/leicam2\/\">www.flickriver.com\/photos\/tiltdesign\/tags\/leicam2<\/a><\/p>\n","protected":false},"excerpt":{"rendered":"<p>Leica M2 | Bj. 1958 &#8211; Filmtyp Kleinbildfilm, Format 24&#215;36 mm &#8211; Objektiv Elmar 2.8\/50 &#8211; Blendenbereich 2.8 \u2013 16- Verschluss 1\/30 &#8211; 1\/1000 + B &#8211; Entfernungseinst. 1,0 m bis Unendlich Die Kamera wurde von \u00a0Foto Museler komplett \u00fcberholt Leica M2 (1958 bis 1967) Als preiswertes Einsteigermodell zur M3 wurde 1958 die Leica M2&#8230;<\/p>\n<p class=\"more-link\"><a href=\"https:\/\/haun-media.de\/tiltdesign\/leica-m2\/\" class=\"themebutton3\">Read More<\/a><\/p>\n","protected":false},"author":2,"featured_media":0,"parent":0,"menu_order":0,"comment_status":"closed","ping_status":"closed","template":"","meta":{"footnotes":""},"class_list":["post-2406","page","type-page","status-publish","hentry"],"_links":{"self":[{"href":"https:\/\/haun-media.de\/tiltdesign\/wp-json\/wp\/v2\/pages\/2406","targetHints":{"allow":["GET"]}}],"collection":[{"href":"https:\/\/haun-media.de\/tiltdesign\/wp-json\/wp\/v2\/pages"}],"about":[{"href":"https:\/\/haun-media.de\/tiltdesign\/wp-json\/wp\/v2\/types\/page"}],"author":[{"embeddable":true,"href":"https:\/\/haun-media.de\/tiltdesign\/wp-json\/wp\/v2\/users\/2"}],"replies":[{"embeddable":true,"href":"https:\/\/haun-media.de\/tiltdesign\/wp-json\/wp\/v2\/comments?post=2406"}],"version-history":[{"count":6,"href":"https:\/\/haun-media.de\/tiltdesign\/wp-json\/wp\/v2\/pages\/2406\/revisions"}],"predecessor-version":[{"id":2488,"href":"https:\/\/haun-media.de\/tiltdesign\/wp-json\/wp\/v2\/pages\/2406\/revisions\/2488"}],"wp:attachment":[{"href":"https:\/\/haun-media.de\/tiltdesign\/wp-json\/wp\/v2\/media?parent=2406"}],"curies":[{"name":"wp","href":"https:\/\/api.w.org\/{rel}","templated":true}]}}