{"id":2275,"date":"2017-12-16T18:07:25","date_gmt":"2017-12-16T17:07:25","guid":{"rendered":"http:\/\/haun-media.de\/tiltdesign\/?page_id=2275"},"modified":"2017-12-16T18:07:25","modified_gmt":"2017-12-16T17:07:25","slug":"olympus-om-2n","status":"publish","type":"page","link":"https:\/\/haun-media.de\/tiltdesign\/olympus-om-2n\/","title":{"rendered":"Olympus OM-2N"},"content":{"rendered":"<p><strong>Olympus OM-2N<\/strong> | Bj. 1979-1984 von Olympus Optical Co., Japan<br \/>\n&#8211; Abmessungen: 136 x 83 x 50mm \/\u00a0(Geh\u00e4use allein) 520 Gramm<br \/>\n&#8211; Sucher: Pentaprisma-Sucher, 97 % der Negativfl\u00e4che sichtbar; wechselbare Einstellscheiben<br \/>\n&#8211; Belichtungszeiten: 120 &#8211; 1\/1000 Sek. und B<br \/>\n&#8211; Verschlussart: Tuch-Schlitzverschluss mit Zeitensteuerung von ca. 60 Sekunden bis 1\/1000 Sek, horizontal ablaufend<br \/>\n&#8211; Belichtungsmessung: Die Kamera verf\u00fcgt \u00fcber eine Zeitautomatik. Die Belichtungsmessung bei der Olympus OM-2 erfolgt durch das Objektiv (TTL); bei ge\u00f6ffnetem Verschluss wird das durch den Film reflektierte Licht gemessen (\u201eoff the film\u201c, OTF; auch \u201eautodynamische\u201c Steuerung genannt) und so eine korrekte Belichtung auch bei Langzeitaufnahmen sowie im Mikro- und Makrobereich erm\u00f6glicht. Mittenbetonte Messung (vor allem bei kurzen Belichtungszeiten); Belichtungskorrektur +\/- 2 &#8211; &#8211; Blenden in 1\/3-Stufen.<br \/>\n&#8211; Anzeige der\u00a0\u00a0Belichtungskorrektur im Sucher<br \/>\n&#8211; Blitz: Blitzschuh \u00fcber dem Prisma; Synchronzeit 1\/60 sek.; PC-Buchse. Mittels Blitzkabel k\u00f6nnen maximal 9 Olympus-T-Blitze simultan ausgel\u00f6st und autodynamisch gesteuert werden, d. h. die Lichtmengenabgabe der Blitzger\u00e4te wird durch die OM 2N bei ge\u00f6ffnetem Objektiv dynamisch ermittelt.<br \/>\n&#8211; Selbstausl\u00f6ser: mechanisch, 4 &#8211; 12 Sekunden Vorlauf<br \/>\n&#8211; Filmtransport: manuell bzw. mit angeschlossenem Winder (2,5 fps) oder Motor Drive (5 fps), Filmr\u00fcckspulung manuell<br \/>\n&#8211; Austauschbare R\u00fcckwand: 250er Magazin, Recordataback<br \/>\n&#8211; Stromversorgung: 2 Silberoxid-Knopfzellen (SR44)<br \/>\n&#8211; Weitere Besonderheiten: Der Spiegelschlag wurde durch pneumatische Sto\u00dfd\u00e4mpfer auf ein Minimum reduziert. Bei ausgeschalteter Kamera ist eine korrekte Belichtung im Bereich 1\/30 s bis 1\/1000 s m\u00f6glich.<br \/>\n(Quelle Wikipedia)<\/p>\n<p><a href=\"https:\/\/haun-media.de\/tiltdesign\/wp-content\/uploads\/2017\/12\/DSC_0185.jpg\" data-rel=\"lightbox-gallery-2klMO9ru\" data-rl_title=\"\" data-rl_caption=\"\" title=\"\"><img loading=\"lazy\" decoding=\"async\" class=\"alignnone size-full wp-image-2271\" src=\"https:\/\/haun-media.de\/tiltdesign\/wp-content\/uploads\/2017\/12\/DSC_0185.jpg\" alt=\"\" width=\"600\" height=\"402\" srcset=\"https:\/\/haun-media.de\/tiltdesign\/wp-content\/uploads\/2017\/12\/DSC_0185.jpg 600w, https:\/\/haun-media.de\/tiltdesign\/wp-content\/uploads\/2017\/12\/DSC_0185-300x201.jpg 300w\" sizes=\"auto, (max-width: 600px) 100vw, 600px\" \/><\/a> <a href=\"https:\/\/haun-media.de\/tiltdesign\/wp-content\/uploads\/2017\/12\/DSC_0188.jpg\" data-rel=\"lightbox-gallery-2klMO9ru\" data-rl_title=\"\" data-rl_caption=\"\" title=\"\"><img loading=\"lazy\" decoding=\"async\" class=\"alignnone size-thinkupcolumn223 wp-image-2272\" src=\"https:\/\/haun-media.de\/tiltdesign\/wp-content\/uploads\/2017\/12\/DSC_0188.jpg\" alt=\"\" width=\"600\" height=\"402\" srcset=\"https:\/\/haun-media.de\/tiltdesign\/wp-content\/uploads\/2017\/12\/DSC_0188.jpg 600w, https:\/\/haun-media.de\/tiltdesign\/wp-content\/uploads\/2017\/12\/DSC_0188-300x201.jpg 300w\" sizes=\"auto, (max-width: 600px) 100vw, 600px\" \/><\/a> <a href=\"https:\/\/haun-media.de\/tiltdesign\/wp-content\/uploads\/2017\/12\/DSC_0191.jpg\" data-rel=\"lightbox-gallery-2klMO9ru\" data-rl_title=\"\" data-rl_caption=\"\" title=\"\"><img loading=\"lazy\" decoding=\"async\" class=\"alignnone size-thinkupcolumn223 wp-image-2273\" src=\"https:\/\/haun-media.de\/tiltdesign\/wp-content\/uploads\/2017\/12\/DSC_0191.jpg\" alt=\"\" width=\"600\" height=\"402\" srcset=\"https:\/\/haun-media.de\/tiltdesign\/wp-content\/uploads\/2017\/12\/DSC_0191.jpg 600w, https:\/\/haun-media.de\/tiltdesign\/wp-content\/uploads\/2017\/12\/DSC_0191-300x201.jpg 300w\" sizes=\"auto, (max-width: 600px) 100vw, 600px\" \/><\/a><\/p>\n","protected":false},"excerpt":{"rendered":"<p>Olympus OM-2N | Bj. 1979-1984 von Olympus Optical Co., Japan &#8211; Abmessungen: 136 x 83 x 50mm \/\u00a0(Geh\u00e4use allein) 520 Gramm &#8211; Sucher: Pentaprisma-Sucher, 97 % der Negativfl\u00e4che sichtbar; wechselbare Einstellscheiben &#8211; Belichtungszeiten: 120 &#8211; 1\/1000 Sek. und B &#8211; Verschlussart: Tuch-Schlitzverschluss mit Zeitensteuerung von ca. 60 Sekunden bis 1\/1000 Sek, horizontal ablaufend &#8211; Belichtungsmessung:&#8230;<\/p>\n<p class=\"more-link\"><a href=\"https:\/\/haun-media.de\/tiltdesign\/olympus-om-2n\/\" class=\"themebutton3\">Read More<\/a><\/p>\n","protected":false},"author":2,"featured_media":0,"parent":0,"menu_order":0,"comment_status":"closed","ping_status":"closed","template":"","meta":{"footnotes":""},"class_list":["post-2275","page","type-page","status-publish","hentry"],"_links":{"self":[{"href":"https:\/\/haun-media.de\/tiltdesign\/wp-json\/wp\/v2\/pages\/2275","targetHints":{"allow":["GET"]}}],"collection":[{"href":"https:\/\/haun-media.de\/tiltdesign\/wp-json\/wp\/v2\/pages"}],"about":[{"href":"https:\/\/haun-media.de\/tiltdesign\/wp-json\/wp\/v2\/types\/page"}],"author":[{"embeddable":true,"href":"https:\/\/haun-media.de\/tiltdesign\/wp-json\/wp\/v2\/users\/2"}],"replies":[{"embeddable":true,"href":"https:\/\/haun-media.de\/tiltdesign\/wp-json\/wp\/v2\/comments?post=2275"}],"version-history":[{"count":1,"href":"https:\/\/haun-media.de\/tiltdesign\/wp-json\/wp\/v2\/pages\/2275\/revisions"}],"predecessor-version":[{"id":2276,"href":"https:\/\/haun-media.de\/tiltdesign\/wp-json\/wp\/v2\/pages\/2275\/revisions\/2276"}],"wp:attachment":[{"href":"https:\/\/haun-media.de\/tiltdesign\/wp-json\/wp\/v2\/media?parent=2275"}],"curies":[{"name":"wp","href":"https:\/\/api.w.org\/{rel}","templated":true}]}}