{"id":157,"date":"2013-01-07T16:41:31","date_gmt":"2013-01-07T15:41:31","guid":{"rendered":"http:\/\/haun-media.de\/tiltdesign2\/2013\/01\/07\/olympus-om-2\/"},"modified":"2016-11-15T02:37:22","modified_gmt":"2016-11-15T01:37:22","slug":"olympus-om-2","status":"publish","type":"page","link":"https:\/\/haun-media.de\/tiltdesign\/olympus-om-2\/","title":{"rendered":"Olympus OM-2"},"content":{"rendered":"<p><strong>Olympus OM-2<\/strong> | Bj. 1975-1984 von Olympus Optical Co., Japanca. 1973<br \/>\n&#8211; Abmessungen: 136 x 83 x 50mm \/\u00a0(Geh\u00e4use allein) 520 Gramm<br \/>\n&#8211; Sucher: Pentaprisma-Sucher, 97 % der Negativfl\u00e4che sichtbar; wechselbare Einstellscheiben<br \/>\n&#8211; Belichtungszeiten: 120 &#8211; 1\/1000 Sek. und B<br \/>\n&#8211; Verschlussart: Tuch-Schlitzverschluss mit Zeitensteuerung von ca. 60 Sekunden bis 1\/1000 Sek, horizontal ablaufend<br \/>\n&#8211; Belichtungsmessung: Die Kamera verf\u00fcgt \u00fcber eine Zeitautomatik. Die Belichtungsmessung bei der Olympus OM-2 erfolgt durch das Objektiv (TTL); bei ge\u00f6ffnetem Verschluss wird das durch den Film reflektierte Licht gemessen (\u201eoff the film\u201c, OTF; auch \u201eautodynamische\u201c Steuerung genannt) und so eine korrekte Belichtung auch bei Langzeitaufnahmen sowie im Mikro- und Makrobereich erm\u00f6glicht. Mittenbetonte Messung (vor allem bei kurzen Belichtungszeiten); Belichtungskorrektur +\/- 2 &#8211; &#8211; Blenden in 1\/3-Stufen.<br \/>\n&#8211; Blitz: Blitzschuh \u00fcber dem Prisma; Synchronzeit 1\/60 sek.; PC-Buchse. Mittels Blitzkabel k\u00f6nnen maximal 9 Olympus-T-Blitze simultan ausgel\u00f6st und autodynamisch gesteuert werden, d. h. die Lichtmengenabgabe der Blitzger\u00e4te wird durch die OM 2 bei ge\u00f6ffnetem Objektiv dynamisch ermittelt.<br \/>\n&#8211; Selbstausl\u00f6ser: mechanisch, 4 &#8211; 12 Sekunden Vorlauf<br \/>\n&#8211; Filmtransport: manuell bzw. mit angeschlossenem Winder (2,5 fps) oder Motor Drive (5 fps), Filmr\u00fcckspulung manuell<br \/>\n&#8211; Austauschbare R\u00fcckwand: 250er Magazin, Recordataback<br \/>\n&#8211; Stromversorgung: 2 Silberoxid-Knopfzellen (SR44)<br \/>\n&#8211; Weitere Besonderheiten: Der Spiegelschlag wurde durch pneumatische Sto\u00dfd\u00e4mpfer auf ein Minimum reduziert. Bei ausgeschalteter Kamera ist eine korrekte Belichtung im Bereich 1\/30 s bis 1\/1000 s m\u00f6glich.<br \/>\n(Quelle Wikipedia)<\/p>\n<p><img loading=\"lazy\" decoding=\"async\" class=\"alignnone wp-image-155 size-full\" src=\"https:\/\/haun-media.de\/tiltdesign\/wp-content\/uploads\/2013\/01\/Oly_0m2_front.jpg\" alt=\"Oly 0m2 front\" width=\"600\" height=\"402\" srcset=\"https:\/\/haun-media.de\/tiltdesign\/wp-content\/uploads\/2013\/01\/Oly_0m2_front.jpg 600w, https:\/\/haun-media.de\/tiltdesign\/wp-content\/uploads\/2013\/01\/Oly_0m2_front-300x201.jpg 300w\" sizes=\"auto, (max-width: 600px) 100vw, 600px\" \/><\/p>\n<p><img loading=\"lazy\" decoding=\"async\" class=\"alignnone wp-image-156 size-full\" src=\"https:\/\/haun-media.de\/tiltdesign\/wp-content\/uploads\/2013\/01\/Oly_0m2_detail.jpg\" alt=\"Oly 0m2 detail\" width=\"600\" height=\"257\" srcset=\"https:\/\/haun-media.de\/tiltdesign\/wp-content\/uploads\/2013\/01\/Oly_0m2_detail.jpg 600w, https:\/\/haun-media.de\/tiltdesign\/wp-content\/uploads\/2013\/01\/Oly_0m2_detail-300x129.jpg 300w\" sizes=\"auto, (max-width: 600px) 100vw, 600px\" \/><\/p>\n<p><span style=\"text-decoration: underline;\"><a href=\"http:\/\/www.ipernity.com\/doc\/291337\/album\/361039\">Fotos mit dieser Kamera auf Ipernity<\/a><\/span><\/p>\n","protected":false},"excerpt":{"rendered":"<p>Olympus OM-2 | Bj. 1975-1984 von Olympus Optical Co., Japanca. 1973 &#8211; Abmessungen: 136 x 83 x 50mm \/\u00a0(Geh\u00e4use allein) 520 Gramm &#8211; Sucher: Pentaprisma-Sucher, 97 % der Negativfl\u00e4che sichtbar; wechselbare Einstellscheiben &#8211; Belichtungszeiten: 120 &#8211; 1\/1000 Sek. und B &#8211; Verschlussart: Tuch-Schlitzverschluss mit Zeitensteuerung von ca. 60 Sekunden bis 1\/1000 Sek, horizontal ablaufend &#8211;&#8230;<\/p>\n<p class=\"more-link\"><a href=\"https:\/\/haun-media.de\/tiltdesign\/olympus-om-2\/\" class=\"themebutton3\">Read More<\/a><\/p>\n","protected":false},"author":2,"featured_media":155,"parent":0,"menu_order":23,"comment_status":"closed","ping_status":"open","template":"","meta":{"footnotes":""},"class_list":["post-157","page","type-page","status-publish","has-post-thumbnail","hentry"],"_links":{"self":[{"href":"https:\/\/haun-media.de\/tiltdesign\/wp-json\/wp\/v2\/pages\/157","targetHints":{"allow":["GET"]}}],"collection":[{"href":"https:\/\/haun-media.de\/tiltdesign\/wp-json\/wp\/v2\/pages"}],"about":[{"href":"https:\/\/haun-media.de\/tiltdesign\/wp-json\/wp\/v2\/types\/page"}],"author":[{"embeddable":true,"href":"https:\/\/haun-media.de\/tiltdesign\/wp-json\/wp\/v2\/users\/2"}],"replies":[{"embeddable":true,"href":"https:\/\/haun-media.de\/tiltdesign\/wp-json\/wp\/v2\/comments?post=157"}],"version-history":[{"count":1,"href":"https:\/\/haun-media.de\/tiltdesign\/wp-json\/wp\/v2\/pages\/157\/revisions"}],"predecessor-version":[{"id":1454,"href":"https:\/\/haun-media.de\/tiltdesign\/wp-json\/wp\/v2\/pages\/157\/revisions\/1454"}],"wp:featuredmedia":[{"embeddable":true,"href":"https:\/\/haun-media.de\/tiltdesign\/wp-json\/wp\/v2\/media\/155"}],"wp:attachment":[{"href":"https:\/\/haun-media.de\/tiltdesign\/wp-json\/wp\/v2\/media?parent=157"}],"curies":[{"name":"wp","href":"https:\/\/api.w.org\/{rel}","templated":true}]}}